{"id":2675,"date":"2025-08-09T16:08:00","date_gmt":"2025-08-09T16:08:00","guid":{"rendered":"https:\/\/nachtartkeil.de\/?page_id=2675"},"modified":"2025-09-15T21:58:47","modified_gmt":"2025-09-15T21:58:47","slug":"gotische-portraets","status":"publish","type":"page","link":"https:\/\/nachtartkeil.de\/?page_id=2675","title":{"rendered":"Gotische Portr\u00e4ts"},"content":{"rendered":"<h1>Gotische Portr\u00e4ts<\/h1>\n<p>Gotische Portr\u00e4ts mit Anmut &#8211; KI-Bilder mit fotografischen Elementen erg\u00e4nzt und bearbeitet.<br \/>\nKI-Generator: Nightcafe, Kamera: Nikon: 801E, Bearbeitungssoftware: Photoshop + NIK-Filter<br \/>\n<div class=\"su-spacer\" style=\"height:7px\"><\/div>\n<style type=\"text\/css\" scoped>.rbs_gallery_69f296082832cSpinner{\r\n\t\t\t\tmargin: 50px auto;\r\n\t\t\t\twidth: 50px;\r\n\t\t\t\theight: 40px;\r\n\t\t\t\ttext-align: center;\r\n\t\t\t\tfont-size: 10px;\r\n\t\t\t}\r\n\t\t\t.rbs_gallery_69f296082832cSpinner > div{\r\n\t\t\t  background-color: #333;\r\n\t\t\t  height: 100%;\r\n\t\t\t  width: 6px;\r\n\t\t\t  display: inline-block;\r\n\t\t\t  -webkit-animation: rbs_gallery_69f296082832c-stretchdelay 1.2s infinite ease-in-out;\r\n\t\t\t  animation: rbs_gallery_69f296082832c-stretchdelay 1.2s infinite ease-in-out;\r\n\t\t\t}\r\n\t\t\t.rbs_gallery_69f296082832cSpinner .rbs_gallery_69f296082832cRect2 {\r\n\t\t\t  -webkit-animation-delay: -1.1s;\r\n\t\t\t  animation-delay: -1.1s;\r\n\t\t\t}\r\n\t\t\t.rbs_gallery_69f296082832cSpinner .rbs_gallery_69f296082832cRect3 {\r\n\t\t\t  -webkit-animation-delay: -1.0s;\r\n\t\t\t  animation-delay: -1.0s;\r\n\t\t\t}\r\n\t\t\t.rbs_gallery_69f296082832cSpinner .rbs_gallery_69f296082832cRect4 {\r\n\t\t\t  -webkit-animation-delay: -0.9s;\r\n\t\t\t  animation-delay: -0.9s;\r\n\t\t\t}\r\n\t\t\t.rbs_gallery_69f296082832cSpinner .rbs_gallery_69f296082832cRect5 {\r\n\t\t\t  -webkit-animation-delay: -0.8s;\r\n\t\t\t  animation-delay: -0.8s;\r\n\t\t\t}\r\n\t\t\t@-webkit-keyframes rbs_gallery_69f296082832c-stretchdelay {\r\n\t\t\t  0%, 40%, 100% { -webkit-transform: scaleY(0.4) }  \r\n\t\t\t  20% { -webkit-transform: scaleY(1.0) }\r\n\t\t\t}\r\n\t\t\t@keyframes rbs_gallery_69f296082832c-stretchdelay {\r\n\t\t\t  0%, 40%, 100% { \r\n\t\t\t    transform: scaleY(0.4);\r\n\t\t\t    -webkit-transform: scaleY(0.4);\r\n\t\t\t  }  20% { \r\n\t\t\t    transform: scaleY(1.0);\r\n\t\t\t    -webkit-transform: scaleY(1.0);\r\n\t\t\t  }\r\n\t\t\t}\r\n\t\t.robogallery-gallery-1766{<p id=\"pictxt\"><\/p>}<\/style><div class=\"robo-gallery-wrap robo-gallery-wrap-id2679 robo-gallery-grid\" ><div id=\"rbs_gallery_69f296082832c-block-loader\" class=\"rbs_gallery_69f296082832cSpinner\"><div class=\"rbs_gallery_69f296082832cRect1\"><\/div> <div class=\"rbs_gallery_69f296082832cRect2\"><\/div> <div class=\"rbs_gallery_69f296082832cRect3\"><\/div> <div class=\"rbs_gallery_69f296082832cRect4\"><\/div> <div class=\"rbs_gallery_69f296082832cRect5\"><\/div><\/div><div id=\"robo_gallery_main_block_rbs_gallery_69f296082832c\" class=\"robogallery-gallery-2679\" style=\"width:100%;margin:0 auto;padding-left:1px;padding-top:1px;padding-right:1px;padding-bottom:1px;  display: none;\"><div id=\"rbs_gallery_69f296082832c\" data-options=\"rbs_gallery_69f296082832c\" style=\"width:100%;\" class=\"robo_gallery  \"><div class=\"rbs-img  category2679 \" ><div class=\"rbs-img-image   rbs-lightbox \" ><div class=\"rbs-img-thumbs\"  data-thumbnail=\"https:\/\/nachtartkeil.de\/wp-content\/uploads\/2025\/08\/goth_01-300x300.jpg\"  title=\"Kr\u00e4hen-Prinzessin\"  data-width=\"300\"  data-height=\"300\" ><\/div><div class=\"rbs-img-data-popup\"  data-popup=\"https:\/\/nachtartkeil.de\/wp-content\/uploads\/2025\/08\/goth_01.jpg\"  title=\"&lt;center&gt;&lt;strong&gt;Kr\u00e4hen-Prinzessin&lt;\/strong&gt;&lt;br \/&gt;F\u00fchle die Magie im Nebel des Rosengartens -  2025&lt;\/center&gt;\" ><\/div><div class=\"thumbnail-overlay\"><div class=\"rbsTitle \">Kr\u00e4hen-Prinzessin<\/div><div class=\"rbsIcons\"><i class=\"fa fa-search-plus rbsZoomIcon \" ><\/i><\/div><div class=\"rbsDesc \"><\/div><\/div><\/div><\/div><div class=\"rbs-img  category2679 \" ><div class=\"rbs-img-image   rbs-lightbox \" ><div class=\"rbs-img-thumbs\"  data-thumbnail=\"https:\/\/nachtartkeil.de\/wp-content\/uploads\/2025\/08\/goth_02-300x300.jpg\"  title=\"goth_02\"  data-width=\"300\"  data-height=\"300\" ><\/div><div class=\"rbs-img-data-popup\"  data-popup=\"https:\/\/nachtartkeil.de\/wp-content\/uploads\/2025\/08\/goth_02.jpg\"  title=\"Die Tochter des Messdieners\" ><\/div><div class=\"thumbnail-overlay\"><div class=\"rbsTitle \">goth_02<\/div><div class=\"rbsIcons\"><i class=\"fa fa-search-plus rbsZoomIcon \" ><\/i><\/div><div class=\"rbsDesc \"><\/div><\/div><\/div><\/div><div class=\"rbs-img  category2679 \" ><div class=\"rbs-img-image   rbs-lightbox \" ><div class=\"rbs-img-thumbs\"  data-thumbnail=\"https:\/\/nachtartkeil.de\/wp-content\/uploads\/2025\/08\/goth_12-300x300.jpg\"  title=\"Die Rosenk\u00f6nigin\"  data-width=\"300\"  data-height=\"300\" ><\/div><div class=\"rbs-img-data-popup\"  data-popup=\"https:\/\/nachtartkeil.de\/wp-content\/uploads\/2025\/08\/goth_12.jpg\"  title=\"&lt;center&gt;&lt;strong&gt;Die Rosenk\u00f6nigin&lt;\/strong&gt;&lt;br \/&gt;Kennst Du das Symbol der Rose? -  2025&lt;\/center&gt;\" ><\/div><div class=\"thumbnail-overlay\"><div class=\"rbsTitle \">Die Rosenk\u00f6nigin<\/div><div class=\"rbsIcons\"><i class=\"fa fa-search-plus rbsZoomIcon \" ><\/i><\/div><div class=\"rbsDesc \"><\/div><\/div><\/div><\/div><div class=\"rbs-img  category2679 \" ><div class=\"rbs-img-image   rbs-lightbox \" ><div class=\"rbs-img-thumbs\"  data-thumbnail=\"https:\/\/nachtartkeil.de\/wp-content\/uploads\/2025\/08\/goth_09-300x300.jpg\"  title=\"Die Hexe der Nacht\"  data-width=\"300\"  data-height=\"300\" ><\/div><div class=\"rbs-img-data-popup\"  data-popup=\"https:\/\/nachtartkeil.de\/wp-content\/uploads\/2025\/08\/goth_09.jpg\"  title=\"&lt;center&gt;&lt;strong&gt;Die Hexe der Nacht&lt;\/strong&gt;&lt;br \/&gt;Ich besuche Dich in Deinen Tr\u00e4umen -  2025&lt;\/center&gt;\" ><\/div><div class=\"thumbnail-overlay\"><div class=\"rbsTitle \">Die Hexe der Nacht<\/div><div class=\"rbsIcons\"><i class=\"fa fa-search-plus rbsZoomIcon \" ><\/i><\/div><div class=\"rbsDesc \"><\/div><\/div><\/div><\/div><div class=\"rbs-img  category2679 \" ><div class=\"rbs-img-image   rbs-lightbox \" ><div class=\"rbs-img-thumbs\"  data-thumbnail=\"https:\/\/nachtartkeil.de\/wp-content\/uploads\/2025\/08\/goth_08-300x300.jpg\"  title=\"Christine\"  data-width=\"300\"  data-height=\"300\" ><\/div><div class=\"rbs-img-data-popup\"  data-popup=\"https:\/\/nachtartkeil.de\/wp-content\/uploads\/2025\/08\/goth_08.jpg\"  title=\"&lt;center&gt;&lt;strong&gt;Christine&lt;\/strong&gt;&lt;br \/&gt;Royo-inspirierte Kreation mit Sidecut -  2025&lt;\/center&gt;\" ><\/div><div class=\"thumbnail-overlay\"><div class=\"rbsTitle \">Christine<\/div><div class=\"rbsIcons\"><i class=\"fa fa-search-plus rbsZoomIcon \" ><\/i><\/div><div class=\"rbsDesc \"><\/div><\/div><\/div><\/div><div class=\"rbs-img  category2679 \" ><div class=\"rbs-img-image   rbs-lightbox \" ><div class=\"rbs-img-thumbs\"  data-thumbnail=\"https:\/\/nachtartkeil.de\/wp-content\/uploads\/2025\/08\/goth_07-300x300.jpg\"  title=\"Ritterin im Schnee\"  data-width=\"300\"  data-height=\"300\" ><\/div><div class=\"rbs-img-data-popup\"  data-popup=\"https:\/\/nachtartkeil.de\/wp-content\/uploads\/2025\/08\/goth_07.jpg\"  title=\"&lt;center&gt;&lt;strong&gt;Ritterin im Schnee&lt;\/strong&gt;&lt;br \/&gt;Im Reich Norderde suche  ich den Pfad -  2025&lt;\/center&gt;\" ><\/div><div class=\"thumbnail-overlay\"><div class=\"rbsTitle \">Ritterin im Schnee<\/div><div class=\"rbsIcons\"><i class=\"fa fa-search-plus rbsZoomIcon \" ><\/i><\/div><div class=\"rbsDesc \"><\/div><\/div><\/div><\/div><div class=\"rbs-img  category2679 \" ><div class=\"rbs-img-image   rbs-lightbox \" ><div class=\"rbs-img-thumbs\"  data-thumbnail=\"https:\/\/nachtartkeil.de\/wp-content\/uploads\/2025\/08\/goth_03-300x300.jpg\"  title=\"Im t\u00fcrkisen Wind\"  data-width=\"300\"  data-height=\"300\" ><\/div><div class=\"rbs-img-data-popup\"  data-popup=\"https:\/\/nachtartkeil.de\/wp-content\/uploads\/2025\/08\/goth_03.jpg\"  title=\"&lt;center&gt;&lt;strong&gt;Im t\u00fcrkisen Wind&lt;\/strong&gt;&lt;br \/&gt;Wenn der mystische Nebel sich verzieht ... -  2025&lt;\/center&gt;\" ><\/div><div class=\"thumbnail-overlay\"><div class=\"rbsTitle \">Im t\u00fcrkisen Wind<\/div><div class=\"rbsIcons\"><i class=\"fa fa-search-plus rbsZoomIcon \" ><\/i><\/div><div class=\"rbsDesc \"><\/div><\/div><\/div><\/div><div class=\"rbs-img  category2679 \" ><div class=\"rbs-img-image   rbs-lightbox \" ><div class=\"rbs-img-thumbs\"  data-thumbnail=\"https:\/\/nachtartkeil.de\/wp-content\/uploads\/2025\/08\/goth_04-300x300.jpg\"  title=\"Wenxxa\"  data-width=\"300\"  data-height=\"300\" ><\/div><div class=\"rbs-img-data-popup\"  data-popup=\"https:\/\/nachtartkeil.de\/wp-content\/uploads\/2025\/08\/goth_04.jpg\"  title=\"&lt;center&gt;&lt;strong&gt;Wenxxa&lt;\/strong&gt;&lt;br \/&gt;Mein Blick kann Dich verzaubern - Wettbewerbskreation 2025&lt;\/center&gt;\" ><\/div><div class=\"thumbnail-overlay\"><div class=\"rbsTitle \">Wenxxa<\/div><div class=\"rbsIcons\"><i class=\"fa fa-search-plus rbsZoomIcon \" ><\/i><\/div><div class=\"rbsDesc \"><\/div><\/div><\/div><\/div><div class=\"rbs-img  category2679 \" ><div class=\"rbs-img-image   rbs-lightbox \" ><div class=\"rbs-img-thumbs\"  data-thumbnail=\"https:\/\/nachtartkeil.de\/wp-content\/uploads\/2025\/08\/goth_05-300x300.jpg\"  title=\"Geh\u00f6rnte D\u00e4monin\"  data-width=\"300\"  data-height=\"300\" ><\/div><div class=\"rbs-img-data-popup\"  data-popup=\"https:\/\/nachtartkeil.de\/wp-content\/uploads\/2025\/08\/goth_05.jpg\"  title=\"&lt;center&gt;&lt;strong&gt;Geh\u00f6rnte D\u00e4monin&lt;\/strong&gt;&lt;br \/&gt; Lass Dich von meinem Blick verzaubern -  2025&lt;\/center&gt;\" ><\/div><div class=\"thumbnail-overlay\"><div class=\"rbsTitle \">Geh\u00f6rnte D\u00e4monin<\/div><div class=\"rbsIcons\"><i class=\"fa fa-search-plus rbsZoomIcon \" ><\/i><\/div><div class=\"rbsDesc \"><\/div><\/div><\/div><\/div><div class=\"rbs-img  category2679 \" ><div class=\"rbs-img-image   rbs-lightbox \" ><div class=\"rbs-img-thumbs\"  data-thumbnail=\"https:\/\/nachtartkeil.de\/wp-content\/uploads\/2025\/08\/goth_06-300x300.jpg\"  title=\"Melancholie des Verg\u00e4nglichen\"  data-width=\"300\"  data-height=\"300\" ><\/div><div class=\"rbs-img-data-popup\"  data-popup=\"https:\/\/nachtartkeil.de\/wp-content\/uploads\/2025\/08\/goth_06.jpg\"  title=\"&lt;center&gt;&lt;strong&gt;Melancholie des Verg\u00e4nglichen&lt;\/strong&gt;&lt;br \/&gt;Ich f\u00fchle die Magie der Endlichkeit - Giger-inspirierte Kreation 2025&lt;\/center&gt;\" ><\/div><div class=\"thumbnail-overlay\"><div class=\"rbsTitle \">Melancholie des Verg\u00e4nglichen<\/div><div class=\"rbsIcons\"><i class=\"fa fa-search-plus rbsZoomIcon \" ><\/i><\/div><div class=\"rbsDesc \"><\/div><\/div><\/div><\/div><div class=\"rbs-img  category2679 \" ><div class=\"rbs-img-image   rbs-lightbox \" ><div class=\"rbs-img-thumbs\"  data-thumbnail=\"https:\/\/nachtartkeil.de\/wp-content\/uploads\/2025\/08\/goth_11-300x300.jpg\"  title=\"Schau mich an\"  data-width=\"300\"  data-height=\"300\" ><\/div><div class=\"rbs-img-data-popup\"  data-popup=\"https:\/\/nachtartkeil.de\/wp-content\/uploads\/2025\/08\/goth_11.jpg\"  title=\"&lt;center&gt;&lt;strong&gt;Schau mich an&lt;\/strong&gt;&lt;br \/&gt;Mein Antlitz kann Dich hypnotisieren -  2025&lt;\/center&gt;\" ><\/div><div class=\"thumbnail-overlay\"><div class=\"rbsTitle \">Schau mich an<\/div><div class=\"rbsIcons\"><i class=\"fa fa-search-plus rbsZoomIcon \" ><\/i><\/div><div class=\"rbsDesc \"><\/div><\/div><\/div><\/div><div class=\"rbs-img  category2679 \" ><div class=\"rbs-img-image   rbs-lightbox \" ><div class=\"rbs-img-thumbs\"  data-thumbnail=\"https:\/\/nachtartkeil.de\/wp-content\/uploads\/2025\/08\/goth_10-300x300.jpg\"  title=\"Herrin des Gartens\"  data-width=\"300\"  data-height=\"300\" ><\/div><div class=\"rbs-img-data-popup\"  data-popup=\"https:\/\/nachtartkeil.de\/wp-content\/uploads\/2025\/08\/goth_10.jpg\"  title=\"&lt;center&gt;&lt;strong&gt;Herrin des Gartens&lt;\/strong&gt;&lt;br \/&gt;Im Garten finde ich die n\u00f6tige Stille f\u00fcr mich - Ents\u00e4ttigte Kreation 2025&lt;\/center&gt;\" ><\/div><div class=\"thumbnail-overlay\"><div class=\"rbsTitle \">Herrin des Gartens<\/div><div class=\"rbsIcons\"><i class=\"fa fa-search-plus rbsZoomIcon \" ><\/i><\/div><div class=\"rbsDesc \"><\/div><\/div><\/div><\/div><\/div><\/div><\/div><script>var rbs_gallery_69f296082832c = {\"version\":\"3.2.21\",\"id\":2679,\"class\":\"id2679\",\"roboGalleryDelay\":1000,\"mainContainer\":\"#robo_gallery_main_block_rbs_gallery_69f296082832c\",\"loadingContainer\":\"#rbs_gallery_69f296082832c-block-loader\",\"loadingContainerObj\":\"rbs_gallery_69f296082832c-block-loader\",\"columnWidth\":\"auto\",\"columns\":4,\"resolutions\":[{\"columnWidth\":\"auto\",\"columns\":3,\"maxWidth\":960},{\"columnWidth\":\"auto\",\"columns\":2,\"maxWidth\":650},{\"columnWidth\":\"auto\",\"columns\":1,\"maxWidth\":450}],\"lightboxOptions\":{\"gallery\":{\"enabled\":true,\"tCounter\":\"\"}},\"borderSize\":1,\"overlayEffect\":\"direction-aware-fade\",\"boxesToLoadStart\":12,\"boxesToLoad\":8,\"waitUntilThumbLoads\":1,\"LoadingWord\":\"Loading...\",\"loadMoreWord\":\"Load More\",\"noMoreEntriesWord\":\"No More Entries\",\"horizontalSpaceBetweenBoxes\":15,\"verticalSpaceBetweenBoxes\":15,\"lazyLoad\":1,\"wrapContainer\":\"#robo-gallery-wrap-rbs_gallery_69f296082832c\"};<\/script>\n<div class=\"su-spacer\" style=\"height:50px\"><\/div>\n.<\/p>\n","protected":false},"excerpt":{"rendered":"<p>Gotische Portr\u00e4ts Gotische Portr\u00e4ts mit Anmut &#8211; KI-Bilder mit fotografischen Elementen erg\u00e4nzt und bearbeitet. KI-Generator: Nightcafe, Kamera: Nikon: 801E, Bearbeitungssoftware: Photoshop + NIK-Filter .<\/p>\n","protected":false},"author":1,"featured_media":0,"parent":1700,"menu_order":0,"comment_status":"closed","ping_status":"closed","template":"","meta":{"_monsterinsights_skip_tracking":false,"_monsterinsights_sitenote_active":false,"_monsterinsights_sitenote_note":"","_monsterinsights_sitenote_category":0,"footnotes":""},"class_list":["post-2675","page","type-page","status-publish","hentry"],"_links":{"self":[{"href":"https:\/\/nachtartkeil.de\/index.php?rest_route=\/wp\/v2\/pages\/2675","targetHints":{"allow":["GET"]}}],"collection":[{"href":"https:\/\/nachtartkeil.de\/index.php?rest_route=\/wp\/v2\/pages"}],"about":[{"href":"https:\/\/nachtartkeil.de\/index.php?rest_route=\/wp\/v2\/types\/page"}],"author":[{"embeddable":true,"href":"https:\/\/nachtartkeil.de\/index.php?rest_route=\/wp\/v2\/users\/1"}],"replies":[{"embeddable":true,"href":"https:\/\/nachtartkeil.de\/index.php?rest_route=%2Fwp%2Fv2%2Fcomments&post=2675"}],"version-history":[{"count":14,"href":"https:\/\/nachtartkeil.de\/index.php?rest_route=\/wp\/v2\/pages\/2675\/revisions"}],"predecessor-version":[{"id":2771,"href":"https:\/\/nachtartkeil.de\/index.php?rest_route=\/wp\/v2\/pages\/2675\/revisions\/2771"}],"up":[{"embeddable":true,"href":"https:\/\/nachtartkeil.de\/index.php?rest_route=\/wp\/v2\/pages\/1700"}],"wp:attachment":[{"href":"https:\/\/nachtartkeil.de\/index.php?rest_route=%2Fwp%2Fv2%2Fmedia&parent=2675"}],"curies":[{"name":"wp","href":"https:\/\/api.w.org\/{rel}","templated":true}]}}