{"id":28,"date":"2020-04-08T10:07:54","date_gmt":"2020-04-08T10:07:54","guid":{"rendered":"http:\/\/nachtartkeil.de\/?page_id=28"},"modified":"2025-09-18T05:37:27","modified_gmt":"2025-09-18T05:37:27","slug":"ueber-mich","status":"publish","type":"page","link":"https:\/\/nachtartkeil.de\/?page_id=28","title":{"rendered":"Ralf G. Keil"},"content":{"rendered":"<div class=\"su-row\"><div class=\"su-column su-column-size-1-4\"><div class=\"su-column-inner su-u-clearfix su-u-trim\">\n<img loading=\"lazy\" decoding=\"async\" class=\"size-full wp-image-31 aligncenter\" src=\"https:\/\/nachtartkeil.de\/wp-content\/uploads\/2020\/04\/portr_rk.jpg\" alt=\"\" width=\"200\" height=\"200\" srcset=\"https:\/\/nachtartkeil.de\/wp-content\/uploads\/2020\/04\/portr_rk.jpg 300w, https:\/\/nachtartkeil.de\/wp-content\/uploads\/2020\/04\/portr_rk-150x150.jpg 150w\" sizes=\"auto, (max-width: 200px) 100vw, 200px\" \/><br \/>\n<\/br><\/p>\n<\/div><\/div>\n<div class=\"su-column su-column-size-3-4\"><div class=\"su-column-inner su-u-clearfix su-u-trim\">\n<p style=\"text-align: left;\">\n<h2 style=\"text-align: left;\">Ralf G. Keil<\/h2>\n<p>Seit 1980 begeistern mich Fotografie, Bildbearbeitung<br \/>\nund Layout-Arbeiten &#8211; einige Meilensteine:<br \/>\n<\/br><\/p>\n<p>1980 Erster Diafilm und erstes engagiertes Fotografieren anl. Reise nach Kalifornien<br \/>\n1986 Eintritt in Porsche Film- und Fotoclub, Stuttgart<br \/>\n1990 Erste Fotoreise zum Karneval von Venedig<br \/>\n1991 1.Platz Schwarzwei\u00df, Bronzemedaille, DVF-Bezirksmeisterschaft, Leinfelden-Echterdingen<br \/>\n1994 Ver\u00f6ffentlichung &#8222;Diaporama-Handbuch&#8220;, viertmeist verkauftes Fotofachbuch n. Lindemann<br \/>\n1998 Eintritt in den Fotoclub Weilburg-Limburg<br \/>\n2001\u00a01.Preis \u201cSpiegelungen\u201c, Lahn-Dill-Klinik Wetzlar<br \/>\n2003 Erste gr\u00f6\u00dfere Alleinausstellung \u201cMagie der Masken\u201c in Wetzlar<br \/>\n2004 Ausstellung \u201cKarneval Venedig\u201c, Kliniken der Universit\u00e4t zu K\u00f6ln<br \/>\n2006 FANTASIA VENEZIA Ausstellung, Budge-Stiftung Frankfurt\/M.<br \/>\n2009 2010, 2011, 2012 Bezirksmeister Mittelrhein-Mosel<br \/>\n2015 Landesfotomeister Hessen\/Rheinland-Pfalz<br \/>\n2019 1. Platz Sparte Schwarzwei\u00df, S\u00fcddeutsche Fotomeisterschaft, Goldmedaille<br \/>\n2020 3. Platz Bundesfotomeiserschaft, Goldmedaille Sparte Farbbild<br \/>\n2021 Goldmedaille Super Circuit, Fotoclub Weilburg-Limburg, einer der besten 21 Clubs weltweit<br \/>\n2022 Landesfotomeister Hessen\/Rheinland-Pfalz<br \/>\n2025 2. Platz Landesfotomeisterschaft Hessen\/Rheinland-Pfalz<\/br><br \/>\nDas besondere Portr\u00e4t, Architektur und surreale Motive sind meine Favoriten. Dabei interessieren mich der Karneval von Venedig, Automobiles, verlassen-verfallene St\u00e4tten (&#8222;lost places&#8220;) und neuerdings das Wave-Gotik-Treffen in Leipzig. Bei den gr\u00f6\u00dferen Systemen arbeite ich vorwiegend mit NIKON; ich liebe aber auch meine kleinen &#8222;Unterwegs&#8220;-Kameras von LEICA und CANON. <\/p>\n<p>Ich will nicht nur dokumentieren, sondern fotografische Bilder mit k\u00fcnstlerischem Stil erschaffen. Mein Leitgedanke ist, die Motive \u00e4sthetisch einzufangen und dann mit Bildbearbeitung die Aussagen zu veredeln. M\u00f6gen meine Bilder die Fantasie des Betrachters anregen und Sichtweisen erm\u00f6glichen, die im k\u00fcnstlerischen Sinne \u00fcber die Wirklichkeit hinausgehen. Seit 2023 widme ich mich auch der generativen Bilderstellung mit KI.<br \/>\n<\/br><\/p>\n<p>Ralf G. Keil im September 2025<br \/>\n<\/div><\/div>\n<\/div>\n","protected":false},"excerpt":{"rendered":"","protected":false},"author":1,"featured_media":0,"parent":0,"menu_order":0,"comment_status":"closed","ping_status":"closed","template":"","meta":{"_monsterinsights_skip_tracking":false,"_monsterinsights_sitenote_active":false,"_monsterinsights_sitenote_note":"","_monsterinsights_sitenote_category":0,"footnotes":""},"class_list":["post-28","page","type-page","status-publish","hentry"],"_links":{"self":[{"href":"https:\/\/nachtartkeil.de\/index.php?rest_route=\/wp\/v2\/pages\/28","targetHints":{"allow":["GET"]}}],"collection":[{"href":"https:\/\/nachtartkeil.de\/index.php?rest_route=\/wp\/v2\/pages"}],"about":[{"href":"https:\/\/nachtartkeil.de\/index.php?rest_route=\/wp\/v2\/types\/page"}],"author":[{"embeddable":true,"href":"https:\/\/nachtartkeil.de\/index.php?rest_route=\/wp\/v2\/users\/1"}],"replies":[{"embeddable":true,"href":"https:\/\/nachtartkeil.de\/index.php?rest_route=%2Fwp%2Fv2%2Fcomments&post=28"}],"version-history":[{"count":41,"href":"https:\/\/nachtartkeil.de\/index.php?rest_route=\/wp\/v2\/pages\/28\/revisions"}],"predecessor-version":[{"id":2775,"href":"https:\/\/nachtartkeil.de\/index.php?rest_route=\/wp\/v2\/pages\/28\/revisions\/2775"}],"wp:attachment":[{"href":"https:\/\/nachtartkeil.de\/index.php?rest_route=%2Fwp%2Fv2%2Fmedia&parent=28"}],"curies":[{"name":"wp","href":"https:\/\/api.w.org\/{rel}","templated":true}]}}