{"id":38,"date":"2020-04-08T10:25:18","date_gmt":"2020-04-08T10:25:18","guid":{"rendered":"http:\/\/nachtartkeil.de\/?page_id=38"},"modified":"2025-05-07T19:36:07","modified_gmt":"2025-05-07T19:36:07","slug":"fotografie","status":"publish","type":"page","link":"https:\/\/nachtartkeil.de\/?page_id=38","title":{"rendered":"Fotografie"},"content":{"rendered":"<h1 style=\"color: #b7a5f7;\">Fotografie<\/h1>\n<div class=\"su-spacer\" style=\"height:20px\"><\/div>\n<hr align=\"center\" width=\"996\" \/>\n<div class=\"su-spacer\" style=\"height:10px\"><\/div>\n<div class=\"su-row\"><div class=\"su-column su-column-size-1-3\"><div class=\"su-column-inner su-u-clearfix su-u-trim\">\n<a href=\"https:\/\/nachtartkeil.de\/?page_id=376\"><img loading=\"lazy\" decoding=\"async\" class=\"size-full wp-image-156\" src=\"http:\/\/nachtartkeil.de\/wp-content\/uploads\/2020\/04\/aufm_portr.jpg\" alt=\"\" width=\"300\" height=\"300\" srcset=\"https:\/\/nachtartkeil.de\/wp-content\/uploads\/2020\/04\/aufm_portr.jpg 300w, https:\/\/nachtartkeil.de\/wp-content\/uploads\/2020\/04\/aufm_portr-150x150.jpg 150w\" sizes=\"auto, (max-width: 300px) 100vw, 300px\" \/><\/a><br \/>\n<\/div><\/div>\n<div class=\"su-column su-column-size-2-3\"><div class=\"su-column-inner su-u-clearfix su-u-trim\">\n<h2 style=\"color: #b7a5f7;\">Portr\u00e4ts WGT<\/h2>\n<p> Das menchliche Portr\u00e4t ist einer der Schwerpunkte in meiner Fotografie. Insbeson- dere durch Workshops u.a. bei Sascha H\u00fcttenhain, Stefan Gesell und Harald Kr\u00f6her konnte ich wertvolle Erfahrungen sammeln. Bei meinen Urlaubs- und Fotoreisen z.B. nach Indien oder zum Karneval von Venedig konnte ich viele faszinierende Menschen meist mit viel Emotionen portr\u00e4tieren. Die Serie, die hier beim Klick kommt, sind Aufnahmen, die ich beim Wave-Gotik-Treffen in Leipzig gemacht habe. Diese Veran- staltung ber\u00fchrt mich in letzter Zeit in besonderer Weise.<\/p>\n<\/div><\/div>\n<div class=\"su-spacer\" style=\"height:10px\"><\/div>\n<hr align=\"center\" width=\"996\" \/>\n<\/div>\n<div class=\"su-row\"><div class=\"su-column su-column-size-1-3\"><div class=\"su-column-inner su-u-clearfix su-u-trim\">\n<p id=\"galtit\"><a href=\"http:\/\/nachtartkeil.de\/?page_id=169\"><img loading=\"lazy\" decoding=\"async\" class=\"size-full wp-image-104\" src=\"http:\/\/nachtartkeil.de\/wp-content\/uploads\/2020\/04\/cathy_e.jpg\" alt=\"\" width=\"300\" height=\"300\" srcset=\"https:\/\/nachtartkeil.de\/wp-content\/uploads\/2020\/04\/cathy_e.jpg 300w, https:\/\/nachtartkeil.de\/wp-content\/uploads\/2020\/04\/cathy_e-150x150.jpg 150w\" sizes=\"auto, (max-width: 300px) 100vw, 300px\" \/><\/a> Surreal\/Komposition<\/p>\n<p id=\"galtit\"><img loading=\"lazy\" decoding=\"async\" class=\"size-full wp-image-130\" src=\"http:\/\/nachtartkeil.de\/wp-content\/uploads\/2020\/04\/aufm_archi.jpg\" alt=\"\" width=\"300\" height=\"300\" srcset=\"https:\/\/nachtartkeil.de\/wp-content\/uploads\/2020\/04\/aufm_archi.jpg 300w, https:\/\/nachtartkeil.de\/wp-content\/uploads\/2020\/04\/aufm_archi-150x150.jpg 150w\" sizes=\"auto, (max-width: 300px) 100vw, 300px\" \/> Archtitektur\/Lost Places<\/p>\n<\/div><\/div>\n<div class=\"su-column su-column-size-1-3\"><div class=\"su-column-inner su-u-clearfix su-u-trim\">\n<p id=\"galtit\"><img loading=\"lazy\" decoding=\"async\" class=\"size-full wp-image-105\" src=\"http:\/\/nachtartkeil.de\/wp-content\/uploads\/2020\/04\/wgt_14_D2998.jpg\" alt=\"\" width=\"300\" height=\"300\" srcset=\"https:\/\/nachtartkeil.de\/wp-content\/uploads\/2020\/04\/wgt_14_D2998.jpg 300w, https:\/\/nachtartkeil.de\/wp-content\/uploads\/2020\/04\/wgt_14_D2998-150x150.jpg 150w\" sizes=\"auto, (max-width: 300px) 100vw, 300px\" \/>Festival\/Konzert<\/p>\n<p id=\"galtit\"><img loading=\"lazy\" decoding=\"async\" class=\"size-full wp-image-156\" src=\"http:\/\/nachtartkeil.de\/wp-content\/uploads\/2020\/04\/aufm_portr.jpg\" alt=\"\" width=\"300\" height=\"300\" srcset=\"https:\/\/nachtartkeil.de\/wp-content\/uploads\/2020\/04\/aufm_portr.jpg 300w, https:\/\/nachtartkeil.de\/wp-content\/uploads\/2020\/04\/aufm_portr-150x150.jpg 150w\" sizes=\"auto, (max-width: 300px) 100vw, 300px\" \/> Portr\u00e4ts<\/p>\n<\/div><\/div>\n<div class=\"su-column su-column-size-1-3\"><div class=\"su-column-inner su-u-clearfix su-u-trim\">\n<p id=\"galtit\"><img loading=\"lazy\" decoding=\"async\" class=\"size-full wp-image-103\" src=\"http:\/\/nachtartkeil.de\/wp-content\/uploads\/2020\/04\/akt_mel.jpg\" alt=\"\" width=\"300\" height=\"300\" srcset=\"https:\/\/nachtartkeil.de\/wp-content\/uploads\/2020\/04\/akt_mel.jpg 300w, https:\/\/nachtartkeil.de\/wp-content\/uploads\/2020\/04\/akt_mel-150x150.jpg 150w\" sizes=\"auto, (max-width: 300px) 100vw, 300px\" \/>Akt\/Fetisch<\/p>\n<p id=\"galtit\"><a href=\"http:\/\/nachtartkeil.de\/?page_id=187\"><img loading=\"lazy\" decoding=\"async\" class=\"size-full wp-image-131\" src=\"http:\/\/nachtartkeil.de\/wp-content\/uploads\/2020\/04\/aufm_kunstfo.jpg\" alt=\"\" width=\"300\" height=\"300\" srcset=\"https:\/\/nachtartkeil.de\/wp-content\/uploads\/2020\/04\/aufm_kunstfo.jpg 300w, https:\/\/nachtartkeil.de\/wp-content\/uploads\/2020\/04\/aufm_kunstfo-150x150.jpg 150w\" sizes=\"auto, (max-width: 300px) 100vw, 300px\" \/><\/a>Fotokunst<\/p>\n<\/div><\/div><\/div>\n","protected":false},"excerpt":{"rendered":"<p>Fotografie<\/p>\n","protected":false},"author":1,"featured_media":0,"parent":0,"menu_order":0,"comment_status":"closed","ping_status":"closed","template":"","meta":{"_monsterinsights_skip_tracking":false,"_monsterinsights_sitenote_active":false,"_monsterinsights_sitenote_note":"","_monsterinsights_sitenote_category":0,"footnotes":""},"class_list":["post-38","page","type-page","status-publish","hentry"],"_links":{"self":[{"href":"https:\/\/nachtartkeil.de\/index.php?rest_route=\/wp\/v2\/pages\/38","targetHints":{"allow":["GET"]}}],"collection":[{"href":"https:\/\/nachtartkeil.de\/index.php?rest_route=\/wp\/v2\/pages"}],"about":[{"href":"https:\/\/nachtartkeil.de\/index.php?rest_route=\/wp\/v2\/types\/page"}],"author":[{"embeddable":true,"href":"https:\/\/nachtartkeil.de\/index.php?rest_route=\/wp\/v2\/users\/1"}],"replies":[{"embeddable":true,"href":"https:\/\/nachtartkeil.de\/index.php?rest_route=%2Fwp%2Fv2%2Fcomments&post=38"}],"version-history":[{"count":58,"href":"https:\/\/nachtartkeil.de\/index.php?rest_route=\/wp\/v2\/pages\/38\/revisions"}],"predecessor-version":[{"id":2474,"href":"https:\/\/nachtartkeil.de\/index.php?rest_route=\/wp\/v2\/pages\/38\/revisions\/2474"}],"wp:attachment":[{"href":"https:\/\/nachtartkeil.de\/index.php?rest_route=%2Fwp%2Fv2%2Fmedia&parent=38"}],"curies":[{"name":"wp","href":"https:\/\/api.w.org\/{rel}","templated":true}]}}