{"id":486,"date":"2020-07-18T07:53:02","date_gmt":"2020-07-18T07:53:02","guid":{"rendered":"https:\/\/nachtartkeil.de\/?page_id=486"},"modified":"2021-01-08T11:03:39","modified_gmt":"2021-01-08T11:03:39","slug":"lexikon","status":"publish","type":"page","link":"https:\/\/nachtartkeil.de\/?page_id=486","title":{"rendered":"Lexikon"},"content":{"rendered":"<h1 style=\"color: rgb(183, 165, 247);\">Lexikon<\/h1>\r\n<h4>\u00fcber die Themen Dark-Art, Gotik und Fanatasie<\/h4>\r\n<p>&nbsp;<\/p>\r\n<!-- neues Feld --><hr align=\"center\" width=\"996\" \/>\r\n<div class=\"su-row\"><div class=\"su-column su-column-size-1-4\"><div class=\"su-column-inner su-u-clearfix su-u-trim\">\r\n<h3>Cyber Gotik<\/h3>\r\n<p><img loading=\"lazy\" decoding=\"async\" class=\"size-full wp-image-586\" src=\"https:\/\/nachtartkeil.de\/wp-content\/uploads\/2020\/07\/cyber_got_rk2.jpg\" alt=\"\" width=\"300\" height=\"300\" srcset=\"https:\/\/nachtartkeil.de\/wp-content\/uploads\/2020\/07\/cyber_got_rk2.jpg 300w, https:\/\/nachtartkeil.de\/wp-content\/uploads\/2020\/07\/cyber_got_rk2-150x150.jpg 150w\" sizes=\"auto, (max-width: 300px) 100vw, 300px\" \/> <div class=\"su-spacer\" style=\"height:6px\"><\/div>\r\n<p id=\"pictxt\">Cyber Gotik Stil WGT Leipzig <br \/>Foto: Artwork, Bearb.: Ralf G. Keil<\/p>\r\n<\/div><\/div> <div class=\"su-column su-column-size-3-4\"><div class=\"su-column-inner su-u-clearfix su-u-trim\"> (von engl. cyber \u201ezukuntftsbezogen\u201c, &#8222;virtuell real&#8220;) Abwandlung der schwarzen Gotik in dem farbige Acessoirs hinzugef\u00fcgt werden. Typisch sind synthetische <strong>Dreadlocks<\/strong> oder <strong>Cyberlocks<\/strong> (lange gummiartige R\u00f6hrchen), meist in knalligen Neonfarben gr\u00fcn oder rot, die ins Haar geflochten werden. Weiter beliebt sind farbige <strong>Goggles<\/strong> (Schwei\u00dferbrillen mit Zackenkranz). Typisch ist die Beschr\u00e4nkung auf eine Zusatzfarbe zu Schwarz.\u00a0<br \/><br \/>Bei der Entstehung in den 1990er Jahren flossen Str\u00f6mungen der Techno- und Rave-Szene ein.\u00a0 Leuchtende Cyberlocks wurden zum &#8222;letzten Schrei&#8220; bei Neonlicht in der Diskothek. F\u00fcr Cyber Gotik sind modische Aspekte eher wichtig als die Abgrenzung zur Normalgesellschaft. Weiter ist der Einfluss von dem aus Japan kommenden <strong>Cosplay<\/strong> zu sehen, wo es gilt, Kinofilmfiguren (meist Science-Fiction) m\u00f6glichst echt darzustellen. Cyber Gotik ist eine der vier Hauptrichtungen beim <strong>Wave-Gotik-Treffen<\/strong> in Leipzig. [nach Wikipedia und eigene Erfahrung WGT]\u00a0 <\/div><\/div><\/div>\r\n<!-- \/wp:post-content --><!-- neues Feld --><hr align=\"center\" width=\"996\" \/>\r\n<div class=\"su-row\"><div class=\"su-column su-column-size-1-4\"><div class=\"su-column-inner su-u-clearfix su-u-trim\">\r\n<h3>Gotik<\/h3>\r\n<p><img loading=\"lazy\" decoding=\"async\" class=\"aligncenter size-full wp-image-606\" src=\"https:\/\/nachtartkeil.de\/wp-content\/uploads\/2020\/07\/gotik_rk.jpg\" alt=\"\" width=\"300\" height=\"300\" srcset=\"https:\/\/nachtartkeil.de\/wp-content\/uploads\/2020\/07\/gotik_rk.jpg 300w, https:\/\/nachtartkeil.de\/wp-content\/uploads\/2020\/07\/gotik_rk-150x150.jpg 150w\" sizes=\"auto, (max-width: 300px) 100vw, 300px\" \/><\/p>\r\n<p id=\"pictxt\">Gotik-Typ WGT Leipzig <br \/>Foto: Ralf G. Keil<\/p>\r\n<\/div><\/div> <div class=\"su-column su-column-size-3-4\"><div class=\"su-column-inner su-u-clearfix su-u-trim\"> (auch schwarze Gotik oder schwarze Szene). Der Begriff Gotik stammt urspr\u00fcnglich aus S\u00fcdeuropa und war als Schimpfwort f\u00fcr den neuen Kirchenbaustil ab Mitte des 12. Jh. gedacht. Die nordeurop\u00e4ischen Goten galten im S\u00fcden als dumm. Anfang der 1980er wurden die schwarzen gekleideten New Waver in England &#8211; mehr abf\u00e4llig &#8211; auch als <strong>&#8222;gothic&#8220;<\/strong> bezeichnet. Dieser Begriff setzte sich besonders in der starken Szene in Deutschland durch und wurde Synonym f\u00fcr den schwarzen Kleidungs- und Schminkstil dieser Subkultur. Der Eindruck ist d\u00fcster, mystisch und ansgsteinfl\u00f6\u00dfend. Die Kleidung ist beeinflusst von der viktotianischen Zeit, von Milit\u00e4runiformen und von der Punk-Bewegung, wie schwere Stiefel. Typisch sind ausladend geschminkte Augenbereiche,\u00a0 Lippen und Fingern\u00e4gel in schwarz &#8211; unabh\u00e4ngig vom Geschlecht. Typische Assecoirs sind silberne Kruzifixe und Schmuck mit Todsymbolik. Farbigkeit wird vermieden.\u00a0 <br \/><br \/>Der Gotik-Stil ging Anfang der 1980er Jahre aus dem Punk- und New-Wave-Umfeld hervor. Die Punk-Bewegung pr\u00e4gte ihre eigene Art im Kleidungsstil und in der Musik und bediente ihre Anh\u00e4nger hinsichtlich &#8222;anders aussehen&#8220; und &#8222;der Normalgesellschaft zu trotzen&#8220;. Doch ihr Hauptmotto &#8222;No Future&#8220; wurde der Klientel bei Individualit\u00e4t und Selbstwertgef\u00fchl zu wenig. Die Musikszene gab typischerweise mit Hard Rock und ihrer Darstellung neue willkommende Imulse. Gruppen wie Black Sabbath, Deep Purple und Mot\u00f6rhead traten in schwarz auf, schminkten sich schwarz und hatten Acessoirs wie Kruzifixe und Totenk\u00f6pfe. Die Gotik-Kultur entwickelte eine Faszination f\u00fcr Themen wie Tod und Verg\u00e4nglichkeit und eine daraus resultierende Selbstinszenierung. Diese Subkultur entstand parallel weltweit, selbst in der DDR entstanden Treffen der schwarzen Szene. Die Gotik-Kultur ist die gr\u00f6\u00dfte der vier Hauptrichtungen beim <strong>Wave-Gotik-Treffen<\/strong> in Leipzig. [nach Wikipedia und eigene Erfahrung WGT] <\/div><\/div><\/div>\r\n<hr align=\"center\" width=\"996\" \/>\r\n<div class=\"su-row\"><div class=\"su-column su-column-size-1-4\"><div class=\"su-column-inner su-u-clearfix su-u-trim\">\r\n<h3>Punk<\/h3>\r\n<p><img loading=\"lazy\" decoding=\"async\" class=\"aligncenter size-full wp-image-775\" src=\"https:\/\/nachtartkeil.de\/wp-content\/uploads\/2020\/10\/l_punk.jpg\" alt=\"\" width=\"300\" height=\"300\" srcset=\"https:\/\/nachtartkeil.de\/wp-content\/uploads\/2020\/10\/l_punk.jpg 300w, https:\/\/nachtartkeil.de\/wp-content\/uploads\/2020\/10\/l_punk-150x150.jpg 150w\" sizes=\"auto, (max-width: 300px) 100vw, 300px\" \/><\/p>\r\n<p id=\"pictxt\">Punk-Typ <br \/>Quelle: gadventures.de, B.: R. Keil<\/p>\r\n<\/div><\/div> <div class=\"su-column su-column-size-3-4\"><div class=\"su-column-inner su-u-clearfix su-u-trim\"> (von engl. punk &#8222;faulendes Holz&#8220;, am. punk \u201emies\u201c, \u201ewertlos\u201c). Vorbereiter der Gotik-Szene war die Punk-Bewegung. Diese\u00a0 Protestkultur von Jugendlichen fiel auf mit r\u00fcdem, exaltiertem Auftreten und provokativer Aufmachung: H\u00e4sslichkeit war Programm, grelle Haarfarbe (typisch: Irokesen-Frisur), zerrissene Kleidung mit Metallketten, Sicherheitsnadeln im Gesicht.\u00a0<\/p>\r\n<p>Die Punk-Bewegung entstand Mitte der 1970er\u00a0 in New York (mehr musikalisch, &#8222;Punk-Rocker&#8220;) und in London eher inhaltlich. Ausgangspunkt war die Frustration englischer Jugendlicher in den Schulen wegen schlechter Berufsaussichten durch Wirtschaftskrise und steifer Klassenstruktur. Ihr Motto <strong>&#8222;No Future&#8220;<\/strong> war Anklage. Die Jugendlichen wollten die b\u00fcrgerliche Gesellschaft schockieren &#8211; mit ihrem Aussehen und durch ihre Musik &#8211; teilweise dilettantische Eigenproduktionen waren gerade Recht. Die Musik war laut, einfach (3 Gitarrengriffe sollten reichen), stampfend mit heiserschreiendem Gesang.\u00a0 Bekannte Punk-Bands waren: Sex Pistols, The Clash, Nina Hagen und The Ramones. Anfang der 1980er verbreitete sich die Kultur weltweit;\u00a0 das Aussehen war cool, die Musik neu und Provokation der Normalgesellschaft vielen Jugendlichen willkommen.<\/p>\r\n<p>Ein Bed\u00fcrfnis war, einen Gegenpol zur Flower-Power-Bewegung zu schaffen, die f\u00fcr die Punks zu naiv und zu wenig rebellisch waren. Ausdruck und Stil waren gegenteilig. Haare gef\u00e4rbt im Irokesenlook, Kleidung dunkel und zerrissen mit Metallketten, schwere Stiefel &#8211; bei Flower-Power: h\u00e4ngende, ungef\u00e4rbte Haare, bunte Kleidung mit Blumenmotiven und barfu\u00df.\u00a0 Nur gegen etwas zu sein, war bald zu wenig. Ende der 1980er Jahre zerfiel die Punk-Bewegung, die Bed\u00fcrfnisse nach Individalit\u00e4t, etwas Chic und mehr Selbstwertgef\u00fchl wurden nicht bedient. Einige Stilelemente, wie Irokesenfrisur, Metallketten und schwere Stiefel gingen in die nachfolgende <strong>Gotik-Szene<\/strong> ein.<\/p>\r\n[nach Wikipedia und eigene Erfahrung WGT] <\/div><\/div><\/div>\r\n<!-- \/wp:paragraph --><!-- neues Feld --><hr align=\"center\" width=\"996\" \/>\r\n<div class=\"su-row\"><div class=\"su-column su-column-size-1-4\"><div class=\"su-column-inner su-u-clearfix su-u-trim\">\r\n<h3>Steampunk<\/h3>\r\n<p><img loading=\"lazy\" decoding=\"async\" class=\"size-full wp-image-502\" src=\"https:\/\/nachtartkeil.de\/wp-content\/uploads\/2020\/07\/steam_punk_rk.jpg\" alt=\"\" width=\"300\" height=\"300\" srcset=\"https:\/\/nachtartkeil.de\/wp-content\/uploads\/2020\/07\/steam_punk_rk.jpg 300w, https:\/\/nachtartkeil.de\/wp-content\/uploads\/2020\/07\/steam_punk_rk-150x150.jpg 150w\" sizes=\"auto, (max-width: 300px) 100vw, 300px\" \/> <div class=\"su-spacer\" style=\"height:6px\"><\/div>\r\n<p id=\"pictxt\">Steampunk-Darsteller WGT Leipzig Foto: Ralf G. Keil<\/p>\r\n<\/div><\/div> <div class=\"su-column su-column-size-3-4\"><div class=\"su-column-inner su-u-clearfix su-u-trim\"> (von engl. steam \u201eDampf\u201c und am. punk \u201emies\u201c, \u201ewertlos\u201c) ist eine Darstellungsart, die in den 1980ern begann und sich zu einem <strong>Kunstgenre<\/strong> und einem <strong>Stil<\/strong> entwickelt hat. <strong>Steampunk<\/strong>-Gew\u00e4nder (Kost\u00fcme) haben <strong>viktorianische<\/strong> Kleidung als Basis meist in brauner Farbe, die mit mechanischen Bauteilen versehen werden. <strong>&#8222;Steam&#8220;<\/strong> kommt von der Dekoration mit Dampfrohren;\u00a0 <strong>&#8222;Punk&#8220;<\/strong> von den Gemeinsamkeiten mit der Punk-Bewegung, wie &#8222;exessiv anders sein&#8220; und &#8222;Provokation der normalen f\u00fcr dekadent gehaltenenen Gesellschaft&#8220;.\u00a0 [nach Wikipedia]\r\n<p>&nbsp;<\/p>\r\n<!-- \/wp:paragraph -->\r\n\r\n<!-- wp:paragraph -->\r\n<p>Typische Kennzeichen sind technische Elemente im <strong>Retro-Look<\/strong>; wie dampfgetriebene Mechanik, Metallrohre, Zeigerarmaturen und alte Waffen. Auch alte Milit\u00e4runiformen werden als Basis genommen. Die Mechanik-Elemente werden oft selbst angefertigt. Steampunk ist bis heute eine der vier Hauptrichtungen des <strong>Wave-Gotik-Treffens<\/strong> in Leipzig. [eigene Erfahrung WGTs Leipzig] <\/div><\/div><\/div>\r\n<hr align=\"center\" width=\"996\" \/>\r\n<div class=\"su-row\"><div class=\"su-column su-column-size-1-4\"><div class=\"su-column-inner su-u-clearfix su-u-trim\">\r\n<h3>Viktorianisch<\/h3>\r\n<p><img loading=\"lazy\" decoding=\"async\" class=\"size-full wp-image-503\" src=\"https:\/\/nachtartkeil.de\/wp-content\/uploads\/2020\/07\/viktorian_rk.jpg\" alt=\"\" width=\"300\" height=\"300\" srcset=\"https:\/\/nachtartkeil.de\/wp-content\/uploads\/2020\/07\/viktorian_rk.jpg 300w, https:\/\/nachtartkeil.de\/wp-content\/uploads\/2020\/07\/viktorian_rk-150x150.jpg 150w\" sizes=\"auto, (max-width: 300px) 100vw, 300px\" \/> <div class=\"su-spacer\" style=\"height:6px\"><\/div>\r\n<p id=\"pictxt\">Viktorianische Dame WGT Leipzig Foto: Ralf G. Keil<\/p>\r\n<\/div><\/div> <div class=\"su-column su-column-size-3-4\"><div class=\"su-column-inner su-u-clearfix su-u-trim\"> Viktorianisch ist die Darstellungsart w\u00e4hrend des sogenannten <strong>Viktorianisches Zeitalters<\/strong> in England. Charakteristisch sind lange ausladende Kleider und schwarze Sonnenschirme aus Spitze bei den Damen und Zylinder mit Gehrock bei den Herren. Namensgebend f\u00fcr die Epoche ist die Regierungszeit <strong>K\u00f6nigin Victorias<\/strong> in Britannien von 1837 bis 1901.\u00a0 Die Art sich zu kleiden war opulent, ausdrucksstark und von wertigen Materialien gepr\u00e4gt. W\u00e4hrend der Zeit florierte die europ\u00e4ische und britische Wirtschaft, so dass man sich das leisten konnte und wollte. [nach Wikipedia]<br \/><!-- \/wp:paragraph -->\r\n\r\n<!-- wp:paragraph --><\/p>\r\n<p>Der Ausdruck in der Kleidung entsprang dem englischen Bed\u00fcrfnis, sich adelig und herrschaftlich darzustellen. Der Stil wurde Mode und beeinflusste zu seiner Zeit die Kleidung der westlichen Welt. [nach Samuel Butler, <em>The Way of All Flesh<\/em> und Lytton Strachey, <em>Eminent Victorians<\/em>, 1918]\u00a0<\/div><\/div><\/div>\r\n<p><!-- \/wp:paragraph -->\r\n\r\n<!-- wp:paragraph --><\/p>","protected":false},"excerpt":{"rendered":"<p>Lexikon \u00fcber die Themen Dark-Art, Gotik und Fanatasie &nbsp;<\/p>\n","protected":false},"author":1,"featured_media":0,"parent":0,"menu_order":0,"comment_status":"closed","ping_status":"closed","template":"","meta":{"_monsterinsights_skip_tracking":false,"_monsterinsights_sitenote_active":false,"_monsterinsights_sitenote_note":"","_monsterinsights_sitenote_category":0,"footnotes":""},"class_list":["post-486","page","type-page","status-publish","hentry"],"_links":{"self":[{"href":"https:\/\/nachtartkeil.de\/index.php?rest_route=\/wp\/v2\/pages\/486","targetHints":{"allow":["GET"]}}],"collection":[{"href":"https:\/\/nachtartkeil.de\/index.php?rest_route=\/wp\/v2\/pages"}],"about":[{"href":"https:\/\/nachtartkeil.de\/index.php?rest_route=\/wp\/v2\/types\/page"}],"author":[{"embeddable":true,"href":"https:\/\/nachtartkeil.de\/index.php?rest_route=\/wp\/v2\/users\/1"}],"replies":[{"embeddable":true,"href":"https:\/\/nachtartkeil.de\/index.php?rest_route=%2Fwp%2Fv2%2Fcomments&post=486"}],"version-history":[{"count":122,"href":"https:\/\/nachtartkeil.de\/index.php?rest_route=\/wp\/v2\/pages\/486\/revisions"}],"predecessor-version":[{"id":1066,"href":"https:\/\/nachtartkeil.de\/index.php?rest_route=\/wp\/v2\/pages\/486\/revisions\/1066"}],"wp:attachment":[{"href":"https:\/\/nachtartkeil.de\/index.php?rest_route=%2Fwp%2Fv2%2Fmedia&parent=486"}],"curies":[{"name":"wp","href":"https:\/\/api.w.org\/{rel}","templated":true}]}}