{"id":928,"date":"2020-12-29T10:53:10","date_gmt":"2020-12-29T10:53:10","guid":{"rendered":"https:\/\/nachtartkeil.de\/?page_id=928"},"modified":"2025-04-23T14:22:40","modified_gmt":"2025-04-23T14:22:40","slug":"impressum","status":"publish","type":"page","link":"https:\/\/nachtartkeil.de\/?page_id=928","title":{"rendered":"Impressum"},"content":{"rendered":"<h1>Impressum<\/h1>\n<div class=\"su-row\">\n<div class=\"su-column su-column-size-1-6\"><div class=\"su-column-inner su-u-clearfix su-u-trim\">\u00a0\u00a0\u00a0<\/div><\/div>\n<div class=\"su-column su-column-size-1-5\"><div class=\"su-column-inner su-u-clearfix su-u-trim\">\n<div class=\"su-spacer\" style=\"height:10px\"><\/div><img loading=\"lazy\" decoding=\"async\" class=\"size-full wp-image-31\" src=\"https:\/\/nachtartkeil.de\/wp-content\/uploads\/2020\/04\/portr_rk.jpg\" alt=\"\" width=\"170\" height=\"170\" srcset=\"https:\/\/nachtartkeil.de\/wp-content\/uploads\/2020\/04\/portr_rk.jpg 300w, https:\/\/nachtartkeil.de\/wp-content\/uploads\/2020\/04\/portr_rk-150x150.jpg 150w\" sizes=\"auto, (max-width: 170px) 100vw, 170px\" \/> <\/div><\/div>\n<div class=\"su-column su-column-size-1-4\"><div class=\"su-column-inner su-u-clearfix su-u-trim\">\n<p style=\"font-size: 20px;\">Ralf G. Keil<\/p>\n<div style=\"position: relative; top: -3px; left: -3px; width: auto; height: 10px;\">\n<hr style=\"width: 250px; height: 4px; background-color: rgba(150, 30, 150, 0.7);\" \/>\n<\/div>\n<p>Verantwortlich i.S.d.P.<br \/>\nFelkestra\u00dfe 43<br \/>\nD-65582 Diez<br \/>\nTel.: 0151 \/ 51 660 663<br \/>\nralf.g.keil[at]t-online.de<\/p>\n<\/div><\/div>\n<div class=\"su-column su-column-size-1-8\"><div class=\"su-column-inner su-u-clearfix su-u-trim\"><\/div><\/div>\n<\/div>\n<div class=\"su-spacer\" style=\"height:20px\"><\/div>\n<p><!-- ========Haupttext========= --><\/p>\n<h3 style=\"height: 10px;\">Haftung f\u00fcr Inhalte<\/h3>\n<p>Die Inhalte meiner Seiten wurden mit gr\u00f6\u00dfter Sorgfalt erstellt. F\u00fcr die Richtigkeit, Vollst\u00e4ndigkeit und Aktualit\u00e4t der Inhalte kann ich jedoch keine Gew\u00e4hr \u00fcbernehmen.<\/p>\n<p>Als Diensteanbieter bin ich gem\u00e4\u00df \u00a7 7 Abs.1 TMG f\u00fcr eigene Inhalte auf diesen Seiten nach den allgemeinen Gesetzen verantwortlich. Nach \u00a7\u00a7 8 bis 10 TMG bin ich als Diensteanbieter jedoch nicht verpflichtet, \u00fcbermittelte oder gespeicherte fremde Informationen zu \u00fcberwachen oder nach Umst\u00e4nden zu forschen, die auf eine rechtswidrige T\u00e4tigkeit hinweisen. Verpflichtungen zur Entfernung oder Sperrung der Nutzung von Informationen nach den allgemeinen Gesetzen bleiben hiervon unber\u00fchrt. Eine diesbez\u00fcgliche Haftung ist jedoch erst ab dem Zeitpunkt der Kenntnis einer konkreten Rechtsverletzung m\u00f6glich. Bei bekannt werden von entsprechenden Rechtsverletzungen werde ich diese Inhalte umgehend entfernen.<\/p>\n<p>&nbsp;<\/p>\n<h3 style=\"height: 10px;\">Haftung f\u00fcr Verkn\u00fcpfungen<\/h3>\n<p>Mein Angebot enth\u00e4lt Verkn\u00fcpfungen (entspricht dem oft verwendeten englischen Begriff &#8222;links&#8220;) zu externen Webseiten Dritter, auf deren Inhalte wir keinen Einfluss haben. Deshalb kann ich f\u00fcr diese fremden Inhalte auch keine Gew\u00e4hr \u00fcbernehmen. F\u00fcr die Inhalte der verkn\u00fcpften Seiten ist stets der jeweilige Anbieter oder Betreiber der Seiten verantwortlich. Die verkn\u00fcpften Seiten wurden zum Zeitpunkt der Verkn\u00fcpfung auf m\u00f6gliche Rechtsverst\u00f6\u00dfe \u00fcberpr\u00fcft. Rechtswidrige Inhalte waren zum Zeitpunkt der Verkn\u00fcpfung nicht erkennbar. Eine permanente inhaltliche Kontrolle der verkn\u00fcpften Seiten ist jedoch ohne konkrete Anhaltspunkte einer Rechtsverletzung nicht zumutbar. Bei bekannt werden von Rechtsverletzungen werde ich derartige Verkn\u00fcpfungen umgehend entfernen.<\/p>\n<p>&nbsp;<\/p>\n<h3 style=\"height: 10px;\">Urheberrecht<\/h3>\n<p>Die durch die Seitenbetreiber erstellten Inhalte und Werke auf diesen Seiten unterliegen dem deutschen Urheberrecht. Beitr\u00e4ge Dritter sind als solche gekennzeichnet. Die Vervielf\u00e4ltigung, Bearbeitung, Verbreitung und jede Art der Verwertung au\u00dferhalb der Grenzen des Urheber-rechtes bed\u00fcrfen der schriftlichen Zustimmung des jeweiligen Autors bzw. Erstellers. Herunterladen und Kopien dieser Seite sind weder g\u00e4nzlich noch teilweise weder f\u00fcr den privaten noch f\u00fcr kommerziellen Gebrauch gestattet.<\/p>\n<p>Der Betreiber der Seiten ist bem\u00fcht, stets die Urheberrechte anderer zu beachten bzw. auf selbst erstellte sowie lizenzfreie Werke zur\u00fcckzugreifen.<\/p>\n<h3 style=\"height: 10px;\">Datenschutz<\/h3>\n<p>Soweit auf unseren Seiten personenbezogene Daten (beispielsweise Name, Anschrift oder E-Mail-Adressen) erhoben werden, erfolgt dies soweit m\u00f6glich stets auf freiwilliger Basis. Die Nutzung der Angebote und Dienste ist, soweit m\u00f6glich, stets ohne Angabe personen-bezogener Daten m\u00f6glich.<\/p>\n<p>Ich weise darauf hin, dass die Daten\u00fcbertragung im Internet (z.B. bei der Kommunikation per E-Mail) Sicherheitsl\u00fccken aufweisen kann. Ein l\u00fcckenloser Schutz der Daten vor dem Zugriff durch Dritte ist nicht m\u00f6glich.<\/p>\n<p>Der Nutzung von im Rahmen der Impressumspflicht ver\u00f6ffentlichten Kontaktdaten durch Dritte zur \u00dcbersendung von nicht ausdr\u00fccklich angeforderter Werbung und Informationsmaterialien wird hiermit ausdr\u00fccklich widersprochen. Die Betreiber der Seiten behalten sich rechtliche Schritte im Falle der unverlangten Zusendung von Werbeinformationen, etwa durch Spam-Mails, vor.<\/p>\n<p>&nbsp;<\/p>\n<p>&nbsp;<\/p>\n<h3 style=\"height: 10px;\">Quelle<\/h3>\n<p>Text von www.e-recht24.de. Ich bedanke mich bei Herrn Rechtsanwalt S\u00f6ren Siebert.<\/p>\n","protected":false},"excerpt":{"rendered":"<p>Impressum Haftung f\u00fcr Inhalte Die Inhalte meiner Seiten wurden mit gr\u00f6\u00dfter Sorgfalt erstellt. F\u00fcr die Richtigkeit, Vollst\u00e4ndigkeit und Aktualit\u00e4t der Inhalte kann ich jedoch keine Gew\u00e4hr \u00fcbernehmen. Als Diensteanbieter bin ich gem\u00e4\u00df \u00a7 7 Abs.1 TMG f\u00fcr eigene Inhalte auf diesen Seiten nach den allgemeinen Gesetzen verantwortlich. Nach \u00a7\u00a7 8 bis 10 TMG bin ich &hellip;<\/p>\n<p class=\"read-more\"> <a class=\"\" href=\"https:\/\/nachtartkeil.de\/?page_id=928\"> <span class=\"screen-reader-text\">Impressum<\/span> Weiterlesen &raquo;<\/a><\/p>\n","protected":false},"author":1,"featured_media":0,"parent":0,"menu_order":0,"comment_status":"closed","ping_status":"closed","template":"","meta":{"_monsterinsights_skip_tracking":false,"_monsterinsights_sitenote_active":false,"_monsterinsights_sitenote_note":"","_monsterinsights_sitenote_category":0,"footnotes":""},"class_list":["post-928","page","type-page","status-publish","hentry"],"_links":{"self":[{"href":"https:\/\/nachtartkeil.de\/index.php?rest_route=\/wp\/v2\/pages\/928","targetHints":{"allow":["GET"]}}],"collection":[{"href":"https:\/\/nachtartkeil.de\/index.php?rest_route=\/wp\/v2\/pages"}],"about":[{"href":"https:\/\/nachtartkeil.de\/index.php?rest_route=\/wp\/v2\/types\/page"}],"author":[{"embeddable":true,"href":"https:\/\/nachtartkeil.de\/index.php?rest_route=\/wp\/v2\/users\/1"}],"replies":[{"embeddable":true,"href":"https:\/\/nachtartkeil.de\/index.php?rest_route=%2Fwp%2Fv2%2Fcomments&post=928"}],"version-history":[{"count":67,"href":"https:\/\/nachtartkeil.de\/index.php?rest_route=\/wp\/v2\/pages\/928\/revisions"}],"predecessor-version":[{"id":933,"href":"https:\/\/nachtartkeil.de\/index.php?rest_route=\/wp\/v2\/pages\/928\/revisions\/933"}],"wp:attachment":[{"href":"https:\/\/nachtartkeil.de\/index.php?rest_route=%2Fwp%2Fv2%2Fmedia&parent=928"}],"curies":[{"name":"wp","href":"https:\/\/api.w.org\/{rel}","templated":true}]}}